{"id":12,"date":"2025-12-18T13:09:26","date_gmt":"2025-12-18T13:09:26","guid":{"rendered":"https:\/\/landwise-developments-anleihe.de\/?page_id=12"},"modified":"2025-12-22T17:23:44","modified_gmt":"2025-12-22T17:23:44","slug":"home","status":"publish","type":"page","link":"https:\/\/landwise-developments-anleihe.de\/","title":{"rendered":"Home"},"content":{"rendered":"\t\t<div data-elementor-type=\"wp-page\" data-elementor-id=\"12\" class=\"elementor elementor-12\" data-elementor-post-type=\"page\">\n\t\t\t\t<div class=\"elementor-element elementor-element-2f2de7b e-flex e-con-boxed e-con e-parent\" data-id=\"2f2de7b\" data-element_type=\"container\">\n\t\t\t\t\t<div class=\"e-con-inner\">\n\t\t\t\t<div class=\"elementor-element elementor-element-c6b34ba elementor-widget elementor-widget-text-editor\" data-id=\"c6b34ba\" data-element_type=\"widget\" data-widget_type=\"text-editor.default\">\n\t\t\t\t\t\t\t\t\t<p>Ver\u00f6ffentlichung von Insiderinformationen gem\u00e4\u00df Artikel 17 MAR<\/p><p>Landwise Developments B.V.: 7,5% Landwise Developments B.V. 2020\/25 Anleihe (ISIN: DE000A283WQ2): Zinszahlung und Endf\u00e4lligkeit der Anleihe<br \/>Einberufung einer Anleihegl\u00e4ubigerversammlung geplant<br \/>Cuijk, Niederlande (pta021\/22.12.2025\/16:35 UTC+1)<\/p><p>Ad-hoc Mitteilung<\/p><p>Landwise Developments B.V.<\/p><p>Cuijk, 22. Dezember 2025<\/p><p>7,5% Landwise Developments B.V. 2020\/25 Anleihe: Zinszahlung und Endf\u00e4lligkeit der Anleihe<\/p><p>Landwise Developments B.V., die Emittentin der 7,5% Landwise Developments B.V. 2020\/25 Anleihe (ISIN: DE000A283WQ2), gibt Folgendes bekannt:<\/p><p>Die Gesellschaft kann die Zinszahlung per 18. Dezember 2025 nicht leisten. Ebenso kann die Gesellschaft den Nominalbetrag der Anleihe mit F\u00e4lligkeit 18. Dezember 2025 nicht zur\u00fcckzahlen.<\/p><p>Deshalb plant die Gesellschaft in K\u00fcrze zu einer Anleihegl\u00e4ubigerversammlung einzuladen.<\/p><p>Die Einberufung zur Gl\u00e4ubigerversammlung wird zu gegebener Zeit u.a. im Bundesanzeiger und auf der Homepage www.landwise-developments-anleihe.de ver\u00f6ffentlicht.<\/p><p>Unter der Anleihe wurden Grundst\u00fccke als Sicherheit gestellt. Bei dem Immobilienprojekt haben jedoch Verfahren und Genehmigungsprozesse bei den lokalen Beh\u00f6rden mehr Zeit in Anspruch genommen als erwartet. Das bedeutet, dass die R\u00fcckzahlung der Anleihe und die Zinszahlung jetzt nicht m\u00f6glich ist. Die Gl\u00e4ubigerversammlung wird u.a. die Verwertung der Grundst\u00fccke als Sicherheiten thematisieren.<\/p><p>Diese und weitere Information sind unter www.landwise-developments-anleihe.de verf\u00fcgbar.<\/p><p>Kontakt:<\/p><p>Info@globalwise.nl<\/p>\t\t\t\t\t\t\t\t<\/div>\n\t\t\t\t\t<\/div>\n\t\t\t\t<\/div>\n\t\t\t\t<\/div>\n\t\t","protected":false},"excerpt":{"rendered":"<p>Ver\u00f6ffentlichung von Insiderinformationen gem\u00e4\u00df Artikel 17 MAR Landwise Developments B.V.: 7,5% Landwise Developments B.V. 2020\/25 Anleihe (ISIN: DE000A283WQ2): Zinszahlung und Endf\u00e4lligkeit der AnleiheEinberufung einer Anleihegl\u00e4ubigerversammlung geplantCuijk, Niederlande (pta021\/22.12.2025\/16:35 UTC+1) Ad-hoc Mitteilung Landwise Developments B.V. Cuijk, 22. Dezember 2025 7,5% Landwise Developments B.V. 2020\/25 Anleihe: Zinszahlung und Endf\u00e4lligkeit der Anleihe Landwise Developments B.V., die Emittentin der [&hellip;]<\/p>\n","protected":false},"author":2,"featured_media":0,"parent":0,"menu_order":0,"comment_status":"closed","ping_status":"closed","template":"","meta":{"footnotes":""},"class_list":["post-12","page","type-page","status-publish","hentry"],"_links":{"self":[{"href":"https:\/\/landwise-developments-anleihe.de\/index.php?rest_route=\/wp\/v2\/pages\/12","targetHints":{"allow":["GET"]}}],"collection":[{"href":"https:\/\/landwise-developments-anleihe.de\/index.php?rest_route=\/wp\/v2\/pages"}],"about":[{"href":"https:\/\/landwise-developments-anleihe.de\/index.php?rest_route=\/wp\/v2\/types\/page"}],"author":[{"embeddable":true,"href":"https:\/\/landwise-developments-anleihe.de\/index.php?rest_route=\/wp\/v2\/users\/2"}],"replies":[{"embeddable":true,"href":"https:\/\/landwise-developments-anleihe.de\/index.php?rest_route=%2Fwp%2Fv2%2Fcomments&post=12"}],"version-history":[{"count":13,"href":"https:\/\/landwise-developments-anleihe.de\/index.php?rest_route=\/wp\/v2\/pages\/12\/revisions"}],"predecessor-version":[{"id":76,"href":"https:\/\/landwise-developments-anleihe.de\/index.php?rest_route=\/wp\/v2\/pages\/12\/revisions\/76"}],"wp:attachment":[{"href":"https:\/\/landwise-developments-anleihe.de\/index.php?rest_route=%2Fwp%2Fv2%2Fmedia&parent=12"}],"curies":[{"name":"wp","href":"https:\/\/api.w.org\/{rel}","templated":true}]}}